{"id":5978,"date":"2025-01-07T23:16:27","date_gmt":"2025-01-07T22:16:27","guid":{"rendered":"https:\/\/teamenjoy.com\/de\/dup-der-team-enjoy-24-stunden-oelemarathon-2026-01\/"},"modified":"2026-04-19T09:56:14","modified_gmt":"2026-04-19T07:56:14","slug":"oelemarathon-younglivingday-202602","status":"publish","type":"page","link":"https:\/\/teamenjoy.com\/de\/oelemarathon-younglivingday-202602\/","title":{"rendered":"Der Team ENJOY 24 Stunden \u00d6lemarathon 2026 02"},"content":{"rendered":"<p><span><img decoding=\"async\" alt=\"\" data-id=\"3683\" width=\"1280\" data-init-width=\"1280\" height=\"781\" data-init-height=\"781\" title=\"TE olemarathon hybrid 2022 G\" loading=\"lazy\" src=\"\/\/teamenjoy.com\/de\/wp-content\/uploads\/sites\/3\/2022\/03\/TE-olemarathon-hybrid-2022-G.jpg\" data-width=\"1280\" data-height=\"781\" style=\"aspect-ratio: auto 1280 \/ 781;\"><\/span><\/p>\n<p style=\"\">Team ENJOY \u00d6lemarathon April 2026<\/p>\n<p style=\"\"><strong>LIVESTREAM am Samstag, 18. April 16.00h bis 19. April 16.00h&nbsp;<\/strong><\/p>\n<p><strong>Wir gehen live am Samstag, 18. April 2026 um 16.00h bis 19. April 16.00h &#8211; hier auf dieser Seite.&nbsp;<\/strong><\/p>\n<p>Du wirst hier die Vortr\u00e4ge live verfolgen k\u00f6nnen, bitte gehe in eines unserer Facebook Gruppen, um auch aktiv Fragen zu stellen!<\/p>\n<p><strong><span style=\"font-size: 24px !important;\">1. Scrolle an das untere Ende der Seite um das Programm (Vortr\u00e4ge, Vortragende) des 22. Team ENJOY \u00d6lemarathons zu sehen!<\/span><\/strong><\/p>\n<p><strong><span style=\"font-size: 24px !important;\">2. Sichere dir hier das exklusive Team ENJOY \u00d6lemarathon Playbook:<\/span><\/strong><\/p>\n<p><a href=\"https:\/\/teamenjoy.lpages.co\/team-enjoy-olemarathon\/\" target=\"_blank\" style=\"outline: none;\"><em><span style=\"text-decoration: underline; font-size: 24px !important;\">Hole dir hier das kostenlose Playbook und Programm zum Download<\/span><\/em><\/a><\/p>\n<h5 style=\"\"><strong>Livestream des 22. Team ENJOY \u00d6lemarathon am 18. und 19. April 2026<\/strong><\/h5>\n<h5><\/h5>\n<h5><strong>Tag 1 &#8211; 18. April 2026<\/strong><\/h5>\n<\/p>\n<h5><strong>Tag 2 &#8211; 19. April 2026<\/strong><\/h5>\n<h3>Das Programm<\/h3>\n<p><span><img decoding=\"async\" alt=\"\" data-id=\"6013\" width=\"721\" data-init-width=\"1760\" height=\"728\" data-init-height=\"1778\" title=\"Team ENJOY Olemarathon April 2026 - Programm Seite 1\" loading=\"lazy\" src=\"https:\/\/teamenjoy.com\/de\/wp-content\/uploads\/sites\/3\/2026\/04\/Team-ENJOY-Olemarathon-April-2026-Programm-Seite-1-1.png\" data-width=\"721\" data-height=\"728\" style=\"aspect-ratio: auto 1760 \/ 1778;\"><\/span><span><img decoding=\"async\" alt=\"\" data-id=\"5983\" width=\"721\" data-init-width=\"1846\" height=\"742\" data-init-height=\"1900\" title=\"Team ENJOY Olemarathon April 2026 - Programm Seite 2\" loading=\"lazy\" src=\"https:\/\/teamenjoy.com\/de\/wp-content\/uploads\/sites\/3\/2026\/04\/Team-ENJOY-Olemarathon-April-2026-Programm-Seite-2.png\" data-width=\"721\" data-height=\"742\" style=\"aspect-ratio: auto 1846 \/ 1900;\"><\/span><\/p>\n<h4 style=\"\"><strong><strong><span style=\"font-family: &quot;RocknRoll One&quot;; font-weight: 400; font-size: 17px !important;\"><\/span><\/strong><span style=\"font-family: &quot;RocknRoll One&quot;; font-weight: 400; font-size: 17px !important;\">Young Living \u00e4therische \u00d6le und \u00f6linfusionierte Produkte bestellen &#8211; bitte hier klicken:<\/span>&nbsp;<a href=\"https:\/\/oetq.net\/ylbestellkontoanlegen-wellnesspurerleben\/\" rel=\"noopener\" style=\"outline: none;\" target=\"_blank\">https:\/\/oetq.net\/ylbestellkontoanlegen-wellnesspurerleben\/<\/a>&nbsp;<\/strong><\/h4>\n<h5><strong>Angebote der Vortragenden:<\/strong><\/h5>\n<p><span><a href=\"http:\/\/brittaknaebel.com\/vs-lernenkursg\" target=\"_blank\"><img decoding=\"async\" alt=\"\" data-id=\"5993\" width=\"344\" data-init-width=\"229\" height=\"254\" data-init-height=\"169\" title=\"1. Duft und Farbe\" loading=\"lazy\" src=\"https:\/\/teamenjoy.com\/de\/wp-content\/uploads\/sites\/3\/2026\/04\/1.-Duft-und-Farbe.png\" data-width=\"344\" data-height=\"254\" style=\"aspect-ratio: auto 229 \/ 169;\" data-link-wrap=\"true\"><\/a><\/span><\/p>\n<p style=\"text-align: center;\"><strong>Lernen mit Duft &amp; Farbe von Britta Kn\u00e4bel<\/strong><\/p>\n<p><span><a href=\"https:\/\/seelentypenquiz.oetq.net\/sf\/a9a60bcd\" target=\"_blank\"><img decoding=\"async\" alt=\"\" data-id=\"5519\" width=\"418\" data-init-width=\"2604\" height=\"232\" data-init-height=\"1444\" title=\"\u00c4therische \u00d6le Seelentypen Quiz\" loading=\"lazy\" src=\"\/\/teamenjoy.com\/de\/wp-content\/uploads\/sites\/3\/2025\/07\/Bildschirmfoto-2025-07-05-um-12.18.41.png\" data-width=\"418\" data-height=\"232\" style=\"aspect-ratio: auto 2604 \/ 1444;\" data-link-wrap=\"true\"><\/a><\/span><\/p>\n<p style=\"text-align: center;\"><strong>Welcher \u00e4therische \u00d6le Seelentyp bist du? Quiz<\/strong><\/p>\n<p><span><a href=\"https:\/\/www.facebook.com\/groups\/6monatereisezudeinembestenselbst\/\" target=\"_blank\"><img decoding=\"async\" alt=\"\" data-id=\"5795\" width=\"344\" data-init-width=\"1442\" height=\"210\" data-init-height=\"882\" title=\"Be The Best You Can Be 2026\" loading=\"lazy\" src=\"\/\/teamenjoy.com\/de\/wp-content\/uploads\/sites\/3\/2026\/01\/Be-The-Best-You-Can-Be-2026.png\" data-width=\"344\" data-height=\"210\" style=\"aspect-ratio: auto 1442 \/ 882;\" data-link-wrap=\"true\"><\/a><\/span><\/p>\n<p style=\"text-align: center;\"><strong>Be The Best You Can Be! mit Aditya Nowotny<\/strong><\/p>\n<p><span><img decoding=\"async\" alt=\"\" data-id=\"5995\" width=\"344\" data-init-width=\"1350\" height=\"275\" data-init-height=\"1080\" title=\"4. 2026 Kinder Emotionen O\u0308le Marathon\" loading=\"lazy\" src=\"https:\/\/teamenjoy.com\/de\/wp-content\/uploads\/sites\/3\/2026\/04\/4.-2026-Kinder-Emotionen-Oele-Marathon.png\" data-width=\"344\" data-height=\"275\" style=\"aspect-ratio: auto 1350 \/ 1080;\" data-link-wrap=\"true\"><\/span><\/p>\n<p style=\"text-align: center;\"><strong>\u00c4therische \u00d6le und Babys mit Ivana Ludwig<\/strong><\/p>\n<p><span><img decoding=\"async\" alt=\"\" data-id=\"5997\" width=\"344\" data-init-width=\"1350\" height=\"275\" data-init-height=\"1080\" title=\"4. 2026 Kinder Emotionen O\u0308le Marathon_20260413_074857_0002\" loading=\"lazy\" src=\"https:\/\/teamenjoy.com\/de\/wp-content\/uploads\/sites\/3\/2026\/04\/4.-2026-Kinder-Emotionen-Oele-Marathon_20260413_074857_0002.png\" data-width=\"344\" data-height=\"275\" style=\"aspect-ratio: auto 1350 \/ 1080;\" data-link-wrap=\"true\"><\/span><\/p>\n<p style=\"text-align: center;\"><strong>Wohlbefinden und Unterst\u00fctzung durch \u00e4therische \u00d6le mit Ivana Ludwig<\/strong><\/p>\n<p><span><a href=\"https:\/\/chat.whatsapp.com\/BeQtw8nS4v4LsQ1nrRyYwN?mode=gi_t\" target=\"_blank\"><img decoding=\"async\" alt=\"\" data-id=\"6001\" width=\"344\" data-init-width=\"896\" height=\"170\" data-init-height=\"442\" title=\"8. Endlich Glu\u0308cklich Sein\" loading=\"lazy\" src=\"https:\/\/teamenjoy.com\/de\/wp-content\/uploads\/sites\/3\/2026\/04\/8.-Endlich-Gluecklich-Sein.jpeg\" data-width=\"344\" data-height=\"170\" style=\"aspect-ratio: auto 896 \/ 442;\" data-link-wrap=\"true\"><\/a><\/span><\/p>\n<p style=\"text-align: center;\"><strong>Endlich Gl\u00fccklich Sein! Mit Beatrix Danzer<\/strong><\/p>\n<p><span><a href=\"https:\/\/mailchi.mp\/6e339c22caa4\/6gcqybp2g5\" target=\"_blank\"><img decoding=\"async\" alt=\"\" data-id=\"6003\" width=\"344\" data-init-width=\"1920\" height=\"194\" data-init-height=\"1080\" title=\"13. 2026 04 YL ein Network mit Herz_AR Ausbildung_YL Day\" loading=\"lazy\" src=\"https:\/\/teamenjoy.com\/de\/wp-content\/uploads\/sites\/3\/2026\/04\/13.-2026-04-YL-ein-Network-mit-Herz_AR-Ausbildung_YL-Day.jpg\" data-width=\"344\" data-height=\"194\" style=\"aspect-ratio: auto 1920 \/ 1080;\" data-link-wrap=\"true\"><\/a><\/span><\/p>\n<p style=\"text-align: center;\"><strong>Energetische Aromatherapie &#8211; Ausbildung mit Vanessa Corrado<\/strong><\/p>\n<p><span><a href=\"https:\/\/tidycal.com\/vanessacorrado\/30-minuten-video-ausbildung\" target=\"_blank\"><img decoding=\"async\" alt=\"\" data-id=\"6005\" width=\"344\" data-init-width=\"1920\" height=\"194\" data-init-height=\"1080\" title=\"13. 2026 04 YL ein Network mit Herz_Call und Gesp rach_YL Day\" loading=\"lazy\" src=\"https:\/\/teamenjoy.com\/de\/wp-content\/uploads\/sites\/3\/2026\/04\/13.-2026-04-YL-ein-Network-mit-Herz_Call-und-Gesp-rach_YL-Day.jpg\" data-width=\"344\" data-height=\"194\" style=\"aspect-ratio: auto 1920 \/ 1080;\" data-link-wrap=\"true\"><\/a><\/span><\/p>\n<p style=\"text-align: center;\"><strong>Energetische Aromatherapie &#8211; Infocall mit Vanessa Corrado<\/strong><\/p>\n<p><span><a href=\"https:\/\/www.amazon.de\/dp\/B0GPFNH5Y7\" target=\"_blank\"><img decoding=\"async\" alt=\"\" data-id=\"6006\" width=\"344\" data-init-width=\"1920\" height=\"194\" data-init-height=\"1080\" title=\"13. 2026 04 YL ein Network mit Herz_Duftes Leben_YL Day\" loading=\"lazy\" src=\"https:\/\/teamenjoy.com\/de\/wp-content\/uploads\/sites\/3\/2026\/04\/13.-2026-04-YL-ein-Network-mit-Herz_Duftes-Leben_YL-Day.jpg\" data-width=\"344\" data-height=\"194\" style=\"aspect-ratio: auto 1920 \/ 1080;\" data-link-wrap=\"true\"><\/a><\/span><\/p>\n<p style=\"text-align: center;\"><strong>&#8222;Duftes Leben&#8220; &#8211; Buch Tipp von <\/strong><strong>Vanessa Corrado<\/strong><\/p>\n<p><span><a href=\"https:\/\/www.amazon.de\/dp\/B09FZ7LP5R\/ref=sr_1_5?__mk_de_DE=%C3%85M%C3%85%C5%BD%C3%95%C3%91&amp;dchild=1&amp;keywords=stress+loslassen&amp;qid=1631351110&amp;sr=8-5\" target=\"_blank\"><img decoding=\"async\" alt=\"\" data-id=\"6007\" width=\"344\" data-init-width=\"1920\" height=\"194\" data-init-height=\"1080\" title=\"13. 2026 04 YL ein Network mit Herz_Stress Loslassen_YL Day\" loading=\"lazy\" src=\"https:\/\/teamenjoy.com\/de\/wp-content\/uploads\/sites\/3\/2026\/04\/13.-2026-04-YL-ein-Network-mit-Herz_Stress-Loslassen_YL-Day.jpg\" data-width=\"344\" data-height=\"194\" style=\"aspect-ratio: auto 1920 \/ 1080;\" data-link-wrap=\"true\"><\/a><\/span><\/p>\n<p style=\"text-align: center;\"><strong>&#8222;Stress loslassen&#8220; &#8211; Buch Tipp von&nbsp;<\/strong><strong>Vanessa Corrado<\/strong><\/p>\n<p><span><a href=\"https:\/\/lebeduftend.de\/dejt\/ \" target=\"_blank\"><img decoding=\"async\" alt=\"\" data-id=\"5833\" width=\"344\" data-init-width=\"2294\" height=\"193\" data-init-height=\"1288\" title=\"Screenshot\" loading=\"lazy\" src=\"\/\/teamenjoy.com\/de\/wp-content\/uploads\/sites\/3\/2026\/01\/Duftende-Emotionen-Francis-Herdes-DEJT-Sidebar.jpg\" data-width=\"344\" data-height=\"193\" style=\"aspect-ratio: auto 2294 \/ 1288;\" data-link-wrap=\"true\"><\/a><\/span><\/p>\n<p>Screenshot<\/p>\n<p style=\"text-align: center;\"><strong>&#8222;Duftende Emotionen&#8220; &#8211; Buch Tipp von Francis Herdes<\/strong><\/p>\n<p><span><a href=\"https:\/\/eilabueche.lpages.co\/aroma-archetypen\" target=\"_blank\"><img decoding=\"async\" alt=\"\" data-id=\"5445\" width=\"446\" data-init-width=\"1702\" height=\"252\" data-init-height=\"960\" title=\"Bildschirmfoto 2025-04-05 um 10.08.48\" loading=\"lazy\" src=\"\/\/teamenjoy.com\/de\/wp-content\/uploads\/sites\/3\/2025\/04\/Bildschirmfoto-2025-04-05-um-10.08.48.png\" data-width=\"446\" data-height=\"252\" style=\"aspect-ratio: auto 1702 \/ 960;\" data-link-wrap=\"true\"><\/a><\/span><\/p>\n<p style=\"text-align: center;\"><strong>Erkenne dich selbst<\/strong><\/p>\n<p><span><a href=\"https:\/\/DuftendeEmotionen.de\/ \" target=\"_blank\"><img decoding=\"async\" alt=\"\" data-id=\"5447\" width=\"987\" data-init-width=\"1864\" height=\"739\" data-init-height=\"1396\" title=\"Buch DEm Sidebar\" loading=\"lazy\" src=\"\/\/teamenjoy.com\/de\/wp-content\/uploads\/sites\/3\/2025\/04\/Buch-DEm-Sidebar.png\" data-width=\"987\" data-height=\"739\" style=\"aspect-ratio: auto 1864 \/ 1396;\" data-link-wrap=\"true\"><\/a><\/span><\/p>\n<p style=\"text-align: center;\"><strong>F\u00fchle, transformiere &amp; befreie &#8211; Duftende Emotionen Bestseller<\/strong><\/p>\n<p><span><a href=\"https:\/\/adityanowotny.com\/sp-anmm\/\" target=\"_blank\"><img decoding=\"async\" alt=\"\" data-id=\"5999\" width=\"344\" data-init-width=\"1874\" height=\"191\" data-init-height=\"1038\" title=\"6. Marketing Meisterschaft\" loading=\"lazy\" src=\"https:\/\/teamenjoy.com\/de\/wp-content\/uploads\/sites\/3\/2026\/04\/6.-Marketing-Meisterschaft-.png\" data-width=\"344\" data-height=\"191\" style=\"aspect-ratio: auto 1874 \/ 1038;\" data-link-wrap=\"true\"><\/a><\/span><\/p>\n<p style=\"text-align: center;\"><strong>Die Marketing Meisterschaft mit Francis Herdes und Aditya Nowotny<\/strong><\/p>\n<p><a href=\"https:\/\/teamenjoy.com\/impressum\/\" target=\"_blank\" style=\"outline: none;\">Impressum 2025<\/a>&nbsp; &nbsp; &nbsp; &nbsp; &nbsp; &nbsp; &nbsp; &nbsp; &nbsp; &nbsp; &nbsp; &nbsp; &nbsp; &nbsp; &nbsp; &nbsp; &nbsp; &nbsp; &nbsp; &nbsp; &nbsp; &nbsp; &nbsp; &nbsp; &nbsp; &nbsp; &nbsp; &nbsp; &nbsp; &nbsp; &nbsp; &nbsp; &nbsp; &nbsp; &nbsp; &nbsp; &nbsp; &nbsp; &nbsp; &nbsp; &nbsp; &nbsp; &nbsp; &nbsp; &nbsp; &nbsp; &nbsp; &nbsp; &nbsp; &nbsp; &nbsp; &nbsp; &nbsp; &nbsp; &nbsp; &nbsp; &nbsp; &nbsp; &nbsp; &nbsp; &nbsp; &nbsp; &nbsp; &nbsp; &nbsp; &nbsp; &nbsp; &nbsp; &nbsp; &nbsp; &nbsp; &nbsp; &nbsp; &nbsp; &nbsp; &nbsp; &nbsp; &nbsp; &nbsp; &nbsp; &nbsp; &nbsp; &nbsp; &nbsp; &nbsp; &nbsp; &nbsp; &nbsp; &nbsp; &nbsp; &nbsp; &nbsp; &nbsp; &nbsp; &nbsp; &nbsp; &nbsp; &nbsp; &nbsp;<a href=\"https:\/\/teamenjoy.com\/datenschutz\/\" target=\"_blank\" style=\"outline: none;\">Datenschutz<\/a><\/p>\n<p><span>Insert Custom HTML<\/span><span>Insert Custom HTML<\/span><\/p>\n<div class=\"shariff shariff-align-flex-start shariff-widget-align-flex-start\" data-services=\"facebook\" data-url=\"https%3A%2F%2Fteamenjoy.com%2Fde%2Foelemarathon-younglivingday-202602%2F\" data-timestamp=\"1776592574\" data-hidezero=\"1\" data-backendurl=\"https:\/\/teamenjoy.com\/de\/wp-json\/shariff\/v1\/share_counts?\"><ul class=\"shariff-buttons theme-default orientation-horizontal buttonsize-medium\"><li class=\"shariff-button twitter shariff-nocustomcolor\" style=\"background-color:#595959\"><a href=\"https:\/\/twitter.com\/share?url=https%3A%2F%2Fteamenjoy.com%2Fde%2Foelemarathon-younglivingday-202602%2F&text=Der%20Team%20ENJOY%2024%20Stunden%20%C3%96lemarathon%202026%2002\" title=\"Bei X teilen\" aria-label=\"Bei X teilen\" role=\"button\" rel=\"noopener nofollow\" class=\"shariff-link\" style=\"; background-color:#000; color:#fff\" target=\"_blank\"><span class=\"shariff-icon\" style=\"\"><svg width=\"32px\" height=\"20px\" xmlns=\"http:\/\/www.w3.org\/2000\/svg\" viewBox=\"0 0 24 24\"><path fill=\"#000\" d=\"M14.258 10.152L23.176 0h-2.113l-7.747 8.813L7.133 0H0l9.352 13.328L0 23.973h2.113l8.176-9.309 6.531 9.309h7.133zm-2.895 3.293l-.949-1.328L2.875 1.56h3.246l6.086 8.523.945 1.328 7.91 11.078h-3.246zm0 0\"\/><\/svg><\/span><span class=\"shariff-text\">teilen<\/span>&nbsp;<\/a><\/li><li class=\"shariff-button facebook shariff-nocustomcolor\" style=\"background-color:#4273c8\"><a href=\"https:\/\/www.facebook.com\/sharer\/sharer.php?u=https%3A%2F%2Fteamenjoy.com%2Fde%2Foelemarathon-younglivingday-202602%2F\" title=\"Bei Facebook teilen\" aria-label=\"Bei Facebook teilen\" role=\"button\" rel=\"nofollow\" class=\"shariff-link\" style=\"; background-color:#3b5998; color:#fff\" target=\"_blank\"><span class=\"shariff-icon\" style=\"\"><svg width=\"32px\" height=\"20px\" xmlns=\"http:\/\/www.w3.org\/2000\/svg\" viewBox=\"0 0 18 32\"><path fill=\"#3b5998\" d=\"M17.1 0.2v4.7h-2.8q-1.5 0-2.1 0.6t-0.5 1.9v3.4h5.2l-0.7 5.3h-4.5v13.6h-5.5v-13.6h-4.5v-5.3h4.5v-3.9q0-3.3 1.9-5.2t5-1.8q2.6 0 4.1 0.2z\"\/><\/svg><\/span><span class=\"shariff-text\">teilen<\/span>&nbsp;<span data-service=\"facebook\" style=\"color:#3b5998\" class=\"shariff-count shariff-hidezero\"><\/span>&nbsp;<\/a><\/li><li class=\"shariff-button linkedin shariff-nocustomcolor\" style=\"background-color:#1488bf\"><a href=\"https:\/\/www.linkedin.com\/sharing\/share-offsite\/?url=https%3A%2F%2Fteamenjoy.com%2Fde%2Foelemarathon-younglivingday-202602%2F\" title=\"Bei LinkedIn teilen\" aria-label=\"Bei LinkedIn teilen\" role=\"button\" rel=\"noopener nofollow\" class=\"shariff-link\" style=\"; background-color:#0077b5; color:#fff\" target=\"_blank\"><span class=\"shariff-icon\" style=\"\"><svg width=\"32px\" height=\"20px\" xmlns=\"http:\/\/www.w3.org\/2000\/svg\" viewBox=\"0 0 27 32\"><path fill=\"#0077b5\" d=\"M6.2 11.2v17.7h-5.9v-17.7h5.9zM6.6 5.7q0 1.3-0.9 2.2t-2.4 0.9h0q-1.5 0-2.4-0.9t-0.9-2.2 0.9-2.2 2.4-0.9 2.4 0.9 0.9 2.2zM27.4 18.7v10.1h-5.9v-9.5q0-1.9-0.7-2.9t-2.3-1.1q-1.1 0-1.9 0.6t-1.2 1.5q-0.2 0.5-0.2 1.4v9.9h-5.9q0-7.1 0-11.6t0-5.3l0-0.9h5.9v2.6h0q0.4-0.6 0.7-1t1-0.9 1.6-0.8 2-0.3q3 0 4.9 2t1.9 6z\"\/><\/svg><\/span><span class=\"shariff-text\">teilen<\/span>&nbsp;<\/a><\/li><li class=\"shariff-button info shariff-nocustomcolor\" style=\"background-color:#eee\"><a href=\"https:\/\/teamenjoy.com\/de\/datenschutz\/\" title=\"Weitere Informationen\" aria-label=\"Weitere Informationen\" role=\"button\" rel=\"noopener \" class=\"shariff-link\" style=\"; background-color:#fff; color:#fff\" target=\"_blank\"><span class=\"shariff-icon\" style=\"\"><svg width=\"32px\" height=\"20px\" xmlns=\"http:\/\/www.w3.org\/2000\/svg\" viewBox=\"0 0 11 32\"><path fill=\"#999\" d=\"M11.4 24v2.3q0 0.5-0.3 0.8t-0.8 0.4h-9.1q-0.5 0-0.8-0.4t-0.4-0.8v-2.3q0-0.5 0.4-0.8t0.8-0.4h1.1v-6.8h-1.1q-0.5 0-0.8-0.4t-0.4-0.8v-2.3q0-0.5 0.4-0.8t0.8-0.4h6.8q0.5 0 0.8 0.4t0.4 0.8v10.3h1.1q0.5 0 0.8 0.4t0.3 0.8zM9.2 3.4v3.4q0 0.5-0.4 0.8t-0.8 0.4h-4.6q-0.4 0-0.8-0.4t-0.4-0.8v-3.4q0-0.4 0.4-0.8t0.8-0.4h4.6q0.5 0 0.8 0.4t0.4 0.8z\"\/><\/svg><\/span><\/a><\/li><\/ul><\/div>","protected":false},"excerpt":{"rendered":"<p>Team ENJOY \u00d6lemarathon April 2026 LIVESTREAM am Samstag, 18. April 16.00h bis 19. April 16.00h&nbsp; Wir gehen live am Samstag, 18. April 2026 um 16.00h bis 19. April 16.00h &#8211; hier auf dieser Seite.&nbsp; Du wirst hier die Vortr\u00e4ge live verfolgen k\u00f6nnen, bitte gehe in&#8230;<\/p>\n","protected":false},"author":3,"featured_media":0,"parent":0,"menu_order":0,"comment_status":"closed","ping_status":"closed","template":"","meta":{"_genesis_hide_title":false,"_genesis_hide_breadcrumbs":false,"_genesis_hide_singular_image":false,"_genesis_hide_footer_widgets":false,"_genesis_custom_body_class":"","_genesis_custom_post_class":"","_genesis_layout":"","footnotes":""},"class_list":["post-5978","page","type-page","status-publish","entry"],"yoast_head":"<!-- This site is optimized with the Yoast SEO plugin v26.7 - https:\/\/yoast.com\/wordpress\/plugins\/seo\/ -->\n<title>Der Team ENJOY 24 Stunden \u00d6lemarathon 2026 02 - Team ENJOY<\/title>\n<meta name=\"robots\" content=\"index, follow, max-snippet:-1, max-image-preview:large, max-video-preview:-1\" \/>\n<link rel=\"canonical\" href=\"https:\/\/teamenjoy.com\/de\/oelemarathon-younglivingday-202602\/\" \/>\n<meta property=\"og:locale\" content=\"de_DE\" \/>\n<meta property=\"og:type\" content=\"article\" \/>\n<meta property=\"og:title\" content=\"Der Team ENJOY 24 Stunden \u00d6lemarathon 2026 02 - Team ENJOY\" \/>\n<meta property=\"og:description\" content=\"Team ENJOY \u00d6lemarathon April 2026 LIVESTREAM am Samstag, 18. April 16.00h bis 19. April 16.00h&nbsp; Wir gehen live am Samstag, 18. April 2026 um 16.00h bis 19. April 16.00h &#8211; hier auf dieser Seite.&nbsp; Du wirst hier die Vortr\u00e4ge live verfolgen k\u00f6nnen, bitte gehe in&#8230;\" \/>\n<meta property=\"og:url\" content=\"https:\/\/teamenjoy.com\/de\/oelemarathon-younglivingday-202602\/\" \/>\n<meta property=\"og:site_name\" content=\"Team ENJOY\" \/>\n<meta property=\"article:modified_time\" content=\"2026-04-19T07:56:14+00:00\" \/>\n<meta property=\"og:image\" content=\"https:\/\/teamenjoy.com\/de\/wp-content\/uploads\/sites\/3\/2026\/04\/Team-ENJOY-Olemarathon-April-2026-Programm-Seite-1-1.png\" \/>\n<meta name=\"twitter:card\" content=\"summary_large_image\" \/>\n<meta name=\"twitter:label1\" content=\"Gesch\u00e4tzte Lesezeit\" \/>\n\t<meta name=\"twitter:data1\" content=\"6\u00a0Minuten\" \/>\n<script type=\"application\/ld+json\" class=\"yoast-schema-graph\">{\"@context\":\"https:\/\/schema.org\",\"@graph\":[{\"@type\":\"WebPage\",\"@id\":\"https:\/\/teamenjoy.com\/de\/oelemarathon-younglivingday-202602\/\",\"url\":\"https:\/\/teamenjoy.com\/de\/oelemarathon-younglivingday-202602\/\",\"name\":\"Der Team ENJOY 24 Stunden \u00d6lemarathon 2026 02 - Team ENJOY\",\"isPartOf\":{\"@id\":\"https:\/\/teamenjoy.com\/de\/#website\"},\"primaryImageOfPage\":{\"@id\":\"https:\/\/teamenjoy.com\/de\/oelemarathon-younglivingday-202602\/#primaryimage\"},\"image\":{\"@id\":\"https:\/\/teamenjoy.com\/de\/oelemarathon-younglivingday-202602\/#primaryimage\"},\"thumbnailUrl\":\"https:\/\/teamenjoy.com\/de\/wp-content\/uploads\/sites\/3\/2026\/04\/Team-ENJOY-Olemarathon-April-2026-Programm-Seite-1-1.png\",\"datePublished\":\"2025-01-07T22:16:27+00:00\",\"dateModified\":\"2026-04-19T07:56:14+00:00\",\"breadcrumb\":{\"@id\":\"https:\/\/teamenjoy.com\/de\/oelemarathon-younglivingday-202602\/#breadcrumb\"},\"inLanguage\":\"de\",\"potentialAction\":[{\"@type\":\"ReadAction\",\"target\":[\"https:\/\/teamenjoy.com\/de\/oelemarathon-younglivingday-202602\/\"]}]},{\"@type\":\"ImageObject\",\"inLanguage\":\"de\",\"@id\":\"https:\/\/teamenjoy.com\/de\/oelemarathon-younglivingday-202602\/#primaryimage\",\"url\":\"https:\/\/teamenjoy.com\/de\/wp-content\/uploads\/sites\/3\/2026\/04\/Team-ENJOY-Olemarathon-April-2026-Programm-Seite-1-1.png\",\"contentUrl\":\"https:\/\/teamenjoy.com\/de\/wp-content\/uploads\/sites\/3\/2026\/04\/Team-ENJOY-Olemarathon-April-2026-Programm-Seite-1-1.png\",\"width\":1760,\"height\":1778},{\"@type\":\"BreadcrumbList\",\"@id\":\"https:\/\/teamenjoy.com\/de\/oelemarathon-younglivingday-202602\/#breadcrumb\",\"itemListElement\":[{\"@type\":\"ListItem\",\"position\":1,\"name\":\"Startseite\",\"item\":\"https:\/\/teamenjoy.com\/de\/\"},{\"@type\":\"ListItem\",\"position\":2,\"name\":\"Der Team ENJOY 24 Stunden \u00d6lemarathon 2026 02\"}]},{\"@type\":\"WebSite\",\"@id\":\"https:\/\/teamenjoy.com\/de\/#website\",\"url\":\"https:\/\/teamenjoy.com\/de\/\",\"name\":\"Team ENJOY\",\"description\":\"\",\"potentialAction\":[{\"@type\":\"SearchAction\",\"target\":{\"@type\":\"EntryPoint\",\"urlTemplate\":\"https:\/\/teamenjoy.com\/de\/?s={search_term_string}\"},\"query-input\":{\"@type\":\"PropertyValueSpecification\",\"valueRequired\":true,\"valueName\":\"search_term_string\"}}],\"inLanguage\":\"de\"}]}<\/script>\n<!-- \/ Yoast SEO plugin. -->","yoast_head_json":{"title":"Der Team ENJOY 24 Stunden \u00d6lemarathon 2026 02 - Team ENJOY","robots":{"index":"index","follow":"follow","max-snippet":"max-snippet:-1","max-image-preview":"max-image-preview:large","max-video-preview":"max-video-preview:-1"},"canonical":"https:\/\/teamenjoy.com\/de\/oelemarathon-younglivingday-202602\/","og_locale":"de_DE","og_type":"article","og_title":"Der Team ENJOY 24 Stunden \u00d6lemarathon 2026 02 - Team ENJOY","og_description":"Team ENJOY \u00d6lemarathon April 2026 LIVESTREAM am Samstag, 18. April 16.00h bis 19. April 16.00h&nbsp; Wir gehen live am Samstag, 18. April 2026 um 16.00h bis 19. April 16.00h &#8211; hier auf dieser Seite.&nbsp; Du wirst hier die Vortr\u00e4ge live verfolgen k\u00f6nnen, bitte gehe in&#8230;","og_url":"https:\/\/teamenjoy.com\/de\/oelemarathon-younglivingday-202602\/","og_site_name":"Team ENJOY","article_modified_time":"2026-04-19T07:56:14+00:00","og_image":[{"url":"https:\/\/teamenjoy.com\/de\/wp-content\/uploads\/sites\/3\/2026\/04\/Team-ENJOY-Olemarathon-April-2026-Programm-Seite-1-1.png","type":"","width":"","height":""}],"twitter_card":"summary_large_image","twitter_misc":{"Gesch\u00e4tzte Lesezeit":"6\u00a0Minuten"},"schema":{"@context":"https:\/\/schema.org","@graph":[{"@type":"WebPage","@id":"https:\/\/teamenjoy.com\/de\/oelemarathon-younglivingday-202602\/","url":"https:\/\/teamenjoy.com\/de\/oelemarathon-younglivingday-202602\/","name":"Der Team ENJOY 24 Stunden \u00d6lemarathon 2026 02 - Team ENJOY","isPartOf":{"@id":"https:\/\/teamenjoy.com\/de\/#website"},"primaryImageOfPage":{"@id":"https:\/\/teamenjoy.com\/de\/oelemarathon-younglivingday-202602\/#primaryimage"},"image":{"@id":"https:\/\/teamenjoy.com\/de\/oelemarathon-younglivingday-202602\/#primaryimage"},"thumbnailUrl":"https:\/\/teamenjoy.com\/de\/wp-content\/uploads\/sites\/3\/2026\/04\/Team-ENJOY-Olemarathon-April-2026-Programm-Seite-1-1.png","datePublished":"2025-01-07T22:16:27+00:00","dateModified":"2026-04-19T07:56:14+00:00","breadcrumb":{"@id":"https:\/\/teamenjoy.com\/de\/oelemarathon-younglivingday-202602\/#breadcrumb"},"inLanguage":"de","potentialAction":[{"@type":"ReadAction","target":["https:\/\/teamenjoy.com\/de\/oelemarathon-younglivingday-202602\/"]}]},{"@type":"ImageObject","inLanguage":"de","@id":"https:\/\/teamenjoy.com\/de\/oelemarathon-younglivingday-202602\/#primaryimage","url":"https:\/\/teamenjoy.com\/de\/wp-content\/uploads\/sites\/3\/2026\/04\/Team-ENJOY-Olemarathon-April-2026-Programm-Seite-1-1.png","contentUrl":"https:\/\/teamenjoy.com\/de\/wp-content\/uploads\/sites\/3\/2026\/04\/Team-ENJOY-Olemarathon-April-2026-Programm-Seite-1-1.png","width":1760,"height":1778},{"@type":"BreadcrumbList","@id":"https:\/\/teamenjoy.com\/de\/oelemarathon-younglivingday-202602\/#breadcrumb","itemListElement":[{"@type":"ListItem","position":1,"name":"Startseite","item":"https:\/\/teamenjoy.com\/de\/"},{"@type":"ListItem","position":2,"name":"Der Team ENJOY 24 Stunden \u00d6lemarathon 2026 02"}]},{"@type":"WebSite","@id":"https:\/\/teamenjoy.com\/de\/#website","url":"https:\/\/teamenjoy.com\/de\/","name":"Team ENJOY","description":"","potentialAction":[{"@type":"SearchAction","target":{"@type":"EntryPoint","urlTemplate":"https:\/\/teamenjoy.com\/de\/?s={search_term_string}"},"query-input":{"@type":"PropertyValueSpecification","valueRequired":true,"valueName":"search_term_string"}}],"inLanguage":"de"}]}},"_links":{"self":[{"href":"https:\/\/teamenjoy.com\/de\/wp-json\/wp\/v2\/pages\/5978","targetHints":{"allow":["GET"]}}],"collection":[{"href":"https:\/\/teamenjoy.com\/de\/wp-json\/wp\/v2\/pages"}],"about":[{"href":"https:\/\/teamenjoy.com\/de\/wp-json\/wp\/v2\/types\/page"}],"author":[{"embeddable":true,"href":"https:\/\/teamenjoy.com\/de\/wp-json\/wp\/v2\/users\/3"}],"replies":[{"embeddable":true,"href":"https:\/\/teamenjoy.com\/de\/wp-json\/wp\/v2\/comments?post=5978"}],"version-history":[{"count":23,"href":"https:\/\/teamenjoy.com\/de\/wp-json\/wp\/v2\/pages\/5978\/revisions"}],"predecessor-version":[{"id":6024,"href":"https:\/\/teamenjoy.com\/de\/wp-json\/wp\/v2\/pages\/5978\/revisions\/6024"}],"wp:attachment":[{"href":"https:\/\/teamenjoy.com\/de\/wp-json\/wp\/v2\/media?parent=5978"}],"curies":[{"name":"wp","href":"https:\/\/api.w.org\/{rel}","templated":true}]}}