{"id":5059,"date":"2024-08-29T15:52:31","date_gmt":"2024-08-29T13:52:31","guid":{"rendered":"https:\/\/teamenjoy.com\/de\/dup-team-enjoy-login\/"},"modified":"2024-08-31T17:47:55","modified_gmt":"2024-08-31T15:47:55","slug":"teamenjoy-login-dankefuerdeineanmeldung","status":"publish","type":"page","link":"https:\/\/teamenjoy.com\/de\/teamenjoy-login-dankefuerdeineanmeldung\/","title":{"rendered":"Team ENJOY LogIn &#8211; Danke f\u00fcr deine Anmeldung"},"content":{"rendered":"<p><a data-id-d=\"4\" data-img-style=\"width: 100%;\"><img loading=\"lazy\" decoding=\"async\" src=\"https:\/\/teamenjoy.com\/de\/wp-content\/uploads\/sites\/3\/2024\/08\/Logo-Team-Enjoy-08.png\" height=\"1754\" width=\"2480\" alt=\"\" style=\"width: 100%;\"><\/img><\/a><\/p>\n<h3 style=\"color: rgb(244, 244, 244) !important; --tcb-applied-color: rgb(244, 244, 244) !important;\"><strong>&nbsp; &nbsp;<\/strong><strong><span style=\"font-size: 64px !important;\">&nbsp; &nbsp;<\/span><\/strong><\/h3>\n<h1 style=\"text-align: center;\"><strong><span style=\"--tcb-applied-color: rgb(247, 250, 252) !important; color: rgb(247, 250, 252) !important;\">Herzlich willkommen<\/span><\/strong><span style=\"color: rgb(247, 250, 252) !important;\"><span style=\"--tcb-applied-color: rgb(247, 250, 252) !important;\">&nbsp;bei<\/span><\/span><\/h1>\n<h1 style=\"color: rgb(244, 244, 244) !important; --tcb-applied-color: rgb(244, 244, 244) !important; text-align: center;\"><strong><span style=\"font-size: 64px !important;\">Team ENJOY!&nbsp;<\/span><\/strong><\/h1>\n<h1 style=\"text-align: center; color: rgb(244, 244, 244) !important; --tcb-applied-color: rgb(244, 244, 244) !important;\"><strong><span>\u200b<\/span><\/strong><\/h1>\n<h5><strong>Der erste Teil deiner Registrierung zum Team ENJOY Mitgliederbereich war erfolgreich!<\/strong><\/h5>\n<p><span style=\"font-family: Roboto; font-weight: 300; --tcb-applied-color: rgb(29, 30, 31) !important; color: rgb(29, 30, 31) !important;\">Bitte gib uns <\/span><span style=\"font-family: Roboto; --tcb-applied-color: rgb(29, 30, 31) !important; color: rgb(29, 30, 31) !important;\"><strong>ein paar Tage Zeit, um deine Anfrage zu \u00fcberpr\u00fcfen <\/strong><\/span><span style=\"font-family: Roboto; font-weight: 300; --tcb-applied-color: rgb(29, 30, 31) !important; color: rgb(29, 30, 31) !important;\">und um dich frei zu schalten. Dies geschieht aufgrund deiner YL Mitgliedsnummer, da wir so deine Zugeh\u00f6rigkeit zu Team ENJOY \u00fcberpr\u00fcfen.<\/span><\/p>\n<p><strong><span style=\"color: rgb(29, 30, 31) !important;\"><span style=\"--tcb-applied-color: rgb(29, 30, 31) !important;\"><span style=\"font-family: Roboto;\">Was jetzt zu tun ist:&nbsp;<\/span><\/span><\/span><\/strong><\/p>\n<ol>\n<li><span style=\"color: rgb(29, 30, 31) !important;\"><span style=\"--tcb-applied-color: rgb(29, 30, 31) !important;\"><span style=\"font-weight: 300;\"><span style=\"font-family: Roboto;\"><span><strong>Halte in den kommenden Tagen Ausschau nach einer E-Mail von:&nbsp;<\/strong><\/span><\/span><\/span><span><span style=\"font-family: Roboto;\"><span><strong><em>i<\/em><\/strong><\/span><\/span><\/span><span><span style=\"font-family: Roboto;\"><span><em><strong>nfo@oetq.net<\/strong><\/em><\/span><\/span><\/span><span><span style=\"font-family: Roboto;\"><span><strong>&nbsp;<\/strong><\/span><\/span><\/span><span style=\"font-weight: 300;\"><span style=\"font-family: Roboto;\"><span><strong> <\/strong><\/span><\/span><\/span><span><span style=\"font-family: Roboto;\"><span>(schaue auch im Spamfolder nach)<\/span><\/span><\/span><\/span><\/span><\/li>\n<li><span style=\"color: rgb(29, 30, 31) !important;\"><span style=\"--tcb-applied-color: rgb(29, 30, 31) !important;\"><span style=\"font-weight: 300;\"><span style=\"font-family: Roboto;\"><span><strong>Klicke in der E-Mail auf den Link und best\u00e4tige damit deine E-Mail Adresse <\/strong><\/span><\/span><\/span><span><span style=\"font-family: Roboto;\"><span>(gesetzlich erforderlich)<\/span><\/span><\/span><\/span><\/span><\/li>\n<li><span style=\"font-family: Roboto; --tcb-applied-color: rgb(29, 30, 31) !important; color: rgb(29, 30, 31) !important;\"><strong>Du bekommst eine zweite E-Mail<\/strong><\/span><span style=\"font-family: Roboto; font-weight: 300; --tcb-applied-color: rgb(29, 30, 31) !important; color: rgb(29, 30, 31) !important;\"> nach der erfolgten Best\u00e4tigung (Schritt 2) <\/span><span style=\"font-family: Roboto; --tcb-applied-color: rgb(29, 30, 31) !important; color: rgb(29, 30, 31) !important;\"><strong>zugeschickt. Mit dem Link in dieser zweiten E-Mail kannst du dir deinen Zugang anlegen und dein Passwort vergeben.<\/strong><\/span><span style=\"font-family: Roboto; font-weight: 300; --tcb-applied-color: rgb(29, 30, 31) !important; color: rgb(29, 30, 31) !important;\">&nbsp;Mit diesem Zugang kannst du ab sofort die Inhalte des Team ENJOY Mitgliederbereich genie\u00dfen!<\/span><\/li>\n<\/ol>\n<div class=\"shariff shariff-align-flex-start shariff-widget-align-flex-start\" data-services=\"facebook\" data-url=\"https%3A%2F%2Fteamenjoy.com%2Fde%2Fteamenjoy-login-dankefuerdeineanmeldung%2F\" data-timestamp=\"1725126475\" data-hidezero=\"1\" data-backendurl=\"https:\/\/teamenjoy.com\/de\/wp-json\/shariff\/v1\/share_counts?\"><ul class=\"shariff-buttons theme-default orientation-horizontal buttonsize-medium\"><li class=\"shariff-button twitter shariff-nocustomcolor\" style=\"background-color:#595959\"><a href=\"https:\/\/twitter.com\/share?url=https%3A%2F%2Fteamenjoy.com%2Fde%2Fteamenjoy-login-dankefuerdeineanmeldung%2F&text=Team%20ENJOY%20LogIn%20%E2%80%93%20Danke%20f%C3%BCr%20deine%20Anmeldung\" title=\"Bei X teilen\" aria-label=\"Bei X teilen\" role=\"button\" rel=\"noopener nofollow\" class=\"shariff-link\" style=\"; background-color:#000; color:#fff\" target=\"_blank\"><span class=\"shariff-icon\" style=\"\"><svg width=\"32px\" height=\"20px\" xmlns=\"http:\/\/www.w3.org\/2000\/svg\" viewBox=\"0 0 24 24\"><path fill=\"#000\" d=\"M14.258 10.152L23.176 0h-2.113l-7.747 8.813L7.133 0H0l9.352 13.328L0 23.973h2.113l8.176-9.309 6.531 9.309h7.133zm-2.895 3.293l-.949-1.328L2.875 1.56h3.246l6.086 8.523.945 1.328 7.91 11.078h-3.246zm0 0\"\/><\/svg><\/span><span class=\"shariff-text\">teilen<\/span>&nbsp;<\/a><\/li><li class=\"shariff-button facebook shariff-nocustomcolor\" style=\"background-color:#4273c8\"><a href=\"https:\/\/www.facebook.com\/sharer\/sharer.php?u=https%3A%2F%2Fteamenjoy.com%2Fde%2Fteamenjoy-login-dankefuerdeineanmeldung%2F\" title=\"Bei Facebook teilen\" aria-label=\"Bei Facebook teilen\" role=\"button\" rel=\"nofollow\" class=\"shariff-link\" style=\"; background-color:#3b5998; color:#fff\" target=\"_blank\"><span class=\"shariff-icon\" style=\"\"><svg width=\"32px\" height=\"20px\" xmlns=\"http:\/\/www.w3.org\/2000\/svg\" viewBox=\"0 0 18 32\"><path fill=\"#3b5998\" d=\"M17.1 0.2v4.7h-2.8q-1.5 0-2.1 0.6t-0.5 1.9v3.4h5.2l-0.7 5.3h-4.5v13.6h-5.5v-13.6h-4.5v-5.3h4.5v-3.9q0-3.3 1.9-5.2t5-1.8q2.6 0 4.1 0.2z\"\/><\/svg><\/span><span class=\"shariff-text\">teilen<\/span>&nbsp;<span data-service=\"facebook\" style=\"color:#3b5998\" class=\"shariff-count shariff-hidezero\"><\/span>&nbsp;<\/a><\/li><li class=\"shariff-button linkedin shariff-nocustomcolor\" style=\"background-color:#1488bf\"><a href=\"https:\/\/www.linkedin.com\/sharing\/share-offsite\/?url=https%3A%2F%2Fteamenjoy.com%2Fde%2Fteamenjoy-login-dankefuerdeineanmeldung%2F\" title=\"Bei LinkedIn teilen\" aria-label=\"Bei LinkedIn teilen\" role=\"button\" rel=\"noopener nofollow\" class=\"shariff-link\" style=\"; background-color:#0077b5; color:#fff\" target=\"_blank\"><span class=\"shariff-icon\" style=\"\"><svg width=\"32px\" height=\"20px\" xmlns=\"http:\/\/www.w3.org\/2000\/svg\" viewBox=\"0 0 27 32\"><path fill=\"#0077b5\" d=\"M6.2 11.2v17.7h-5.9v-17.7h5.9zM6.6 5.7q0 1.3-0.9 2.2t-2.4 0.9h0q-1.5 0-2.4-0.9t-0.9-2.2 0.9-2.2 2.4-0.9 2.4 0.9 0.9 2.2zM27.4 18.7v10.1h-5.9v-9.5q0-1.9-0.7-2.9t-2.3-1.1q-1.1 0-1.9 0.6t-1.2 1.5q-0.2 0.5-0.2 1.4v9.9h-5.9q0-7.1 0-11.6t0-5.3l0-0.9h5.9v2.6h0q0.4-0.6 0.7-1t1-0.9 1.6-0.8 2-0.3q3 0 4.9 2t1.9 6z\"\/><\/svg><\/span><span class=\"shariff-text\">teilen<\/span>&nbsp;<\/a><\/li><li class=\"shariff-button info shariff-nocustomcolor\" style=\"background-color:#eee\"><a href=\"https:\/\/teamenjoy.com\/de\/datenschutz\/\" title=\"Weitere Informationen\" aria-label=\"Weitere Informationen\" role=\"button\" rel=\"noopener \" class=\"shariff-link\" style=\"; background-color:#fff; color:#fff\" target=\"_blank\"><span class=\"shariff-icon\" style=\"\"><svg width=\"32px\" height=\"20px\" xmlns=\"http:\/\/www.w3.org\/2000\/svg\" viewBox=\"0 0 11 32\"><path fill=\"#999\" d=\"M11.4 24v2.3q0 0.5-0.3 0.8t-0.8 0.4h-9.1q-0.5 0-0.8-0.4t-0.4-0.8v-2.3q0-0.5 0.4-0.8t0.8-0.4h1.1v-6.8h-1.1q-0.5 0-0.8-0.4t-0.4-0.8v-2.3q0-0.5 0.4-0.8t0.8-0.4h6.8q0.5 0 0.8 0.4t0.4 0.8v10.3h1.1q0.5 0 0.8 0.4t0.3 0.8zM9.2 3.4v3.4q0 0.5-0.4 0.8t-0.8 0.4h-4.6q-0.4 0-0.8-0.4t-0.4-0.8v-3.4q0-0.4 0.4-0.8t0.8-0.4h4.6q0.5 0 0.8 0.4t0.4 0.8z\"\/><\/svg><\/span><\/a><\/li><\/ul><\/div>","protected":false},"excerpt":{"rendered":"<p>&nbsp; &nbsp;&nbsp; &nbsp; Herzlich willkommen&nbsp;bei Team ENJOY!&nbsp; \u200b Der erste Teil deiner Registrierung zum Team ENJOY Mitgliederbereich war erfolgreich! Bitte gib uns ein paar Tage Zeit, um deine Anfrage zu \u00fcberpr\u00fcfen und um dich frei zu schalten. Dies geschieht aufgrund deiner YL Mitgliedsnummer, da wir&#8230;<\/p>\n","protected":false},"author":3,"featured_media":0,"parent":0,"menu_order":0,"comment_status":"closed","ping_status":"closed","template":"","meta":{"_genesis_hide_title":false,"_genesis_hide_breadcrumbs":false,"_genesis_hide_singular_image":false,"_genesis_hide_footer_widgets":false,"_genesis_custom_body_class":"","_genesis_custom_post_class":"","_genesis_layout":"","footnotes":""},"class_list":["post-5059","page","type-page","status-publish","entry"],"yoast_head":"<!-- This site is optimized with the Yoast SEO plugin v26.7 - https:\/\/yoast.com\/wordpress\/plugins\/seo\/ -->\n<title>Team ENJOY LogIn - Danke f\u00fcr deine Anmeldung - Team ENJOY<\/title>\n<meta name=\"robots\" content=\"index, follow, max-snippet:-1, max-image-preview:large, max-video-preview:-1\" \/>\n<link rel=\"canonical\" href=\"https:\/\/teamenjoy.com\/de\/teamenjoy-login-dankefuerdeineanmeldung\/\" \/>\n<meta property=\"og:locale\" content=\"de_DE\" \/>\n<meta property=\"og:type\" content=\"article\" \/>\n<meta property=\"og:title\" content=\"Team ENJOY LogIn - Danke f\u00fcr deine Anmeldung - Team ENJOY\" \/>\n<meta property=\"og:description\" content=\"&nbsp; &nbsp;&nbsp; &nbsp; Herzlich willkommen&nbsp;bei Team ENJOY!&nbsp; \u200b Der erste Teil deiner Registrierung zum Team ENJOY Mitgliederbereich war erfolgreich! Bitte gib uns ein paar Tage Zeit, um deine Anfrage zu \u00fcberpr\u00fcfen und um dich frei zu schalten. Dies geschieht aufgrund deiner YL Mitgliedsnummer, da wir&#8230;\" \/>\n<meta property=\"og:url\" content=\"https:\/\/teamenjoy.com\/de\/teamenjoy-login-dankefuerdeineanmeldung\/\" \/>\n<meta property=\"og:site_name\" content=\"Team ENJOY\" \/>\n<meta property=\"article:modified_time\" content=\"2024-08-31T15:47:55+00:00\" \/>\n<meta property=\"og:image\" content=\"http:\/\/teamenjoy.com\/de\/wp-content\/uploads\/sites\/3\/2024\/08\/Logo-Team-Enjoy-08.png\" \/>\n<meta name=\"twitter:card\" content=\"summary_large_image\" \/>\n<meta name=\"twitter:label1\" content=\"Gesch\u00e4tzte Lesezeit\" \/>\n\t<meta name=\"twitter:data1\" content=\"1\u00a0Minute\" \/>\n<script type=\"application\/ld+json\" class=\"yoast-schema-graph\">{\"@context\":\"https:\/\/schema.org\",\"@graph\":[{\"@type\":\"WebPage\",\"@id\":\"https:\/\/teamenjoy.com\/de\/teamenjoy-login-dankefuerdeineanmeldung\/\",\"url\":\"https:\/\/teamenjoy.com\/de\/teamenjoy-login-dankefuerdeineanmeldung\/\",\"name\":\"Team ENJOY LogIn - Danke f\u00fcr deine Anmeldung - Team ENJOY\",\"isPartOf\":{\"@id\":\"https:\/\/teamenjoy.com\/de\/#website\"},\"primaryImageOfPage\":{\"@id\":\"https:\/\/teamenjoy.com\/de\/teamenjoy-login-dankefuerdeineanmeldung\/#primaryimage\"},\"image\":{\"@id\":\"https:\/\/teamenjoy.com\/de\/teamenjoy-login-dankefuerdeineanmeldung\/#primaryimage\"},\"thumbnailUrl\":\"http:\/\/teamenjoy.com\/de\/wp-content\/uploads\/sites\/3\/2024\/08\/Logo-Team-Enjoy-08.png\",\"datePublished\":\"2024-08-29T13:52:31+00:00\",\"dateModified\":\"2024-08-31T15:47:55+00:00\",\"breadcrumb\":{\"@id\":\"https:\/\/teamenjoy.com\/de\/teamenjoy-login-dankefuerdeineanmeldung\/#breadcrumb\"},\"inLanguage\":\"de\",\"potentialAction\":[{\"@type\":\"ReadAction\",\"target\":[\"https:\/\/teamenjoy.com\/de\/teamenjoy-login-dankefuerdeineanmeldung\/\"]}]},{\"@type\":\"ImageObject\",\"inLanguage\":\"de\",\"@id\":\"https:\/\/teamenjoy.com\/de\/teamenjoy-login-dankefuerdeineanmeldung\/#primaryimage\",\"url\":\"http:\/\/teamenjoy.com\/de\/wp-content\/uploads\/sites\/3\/2024\/08\/Logo-Team-Enjoy-08.png\",\"contentUrl\":\"http:\/\/teamenjoy.com\/de\/wp-content\/uploads\/sites\/3\/2024\/08\/Logo-Team-Enjoy-08.png\"},{\"@type\":\"BreadcrumbList\",\"@id\":\"https:\/\/teamenjoy.com\/de\/teamenjoy-login-dankefuerdeineanmeldung\/#breadcrumb\",\"itemListElement\":[{\"@type\":\"ListItem\",\"position\":1,\"name\":\"Startseite\",\"item\":\"https:\/\/teamenjoy.com\/de\/\"},{\"@type\":\"ListItem\",\"position\":2,\"name\":\"Team ENJOY LogIn &#8211; Danke f\u00fcr deine Anmeldung\"}]},{\"@type\":\"WebSite\",\"@id\":\"https:\/\/teamenjoy.com\/de\/#website\",\"url\":\"https:\/\/teamenjoy.com\/de\/\",\"name\":\"Team ENJOY\",\"description\":\"\",\"potentialAction\":[{\"@type\":\"SearchAction\",\"target\":{\"@type\":\"EntryPoint\",\"urlTemplate\":\"https:\/\/teamenjoy.com\/de\/?s={search_term_string}\"},\"query-input\":{\"@type\":\"PropertyValueSpecification\",\"valueRequired\":true,\"valueName\":\"search_term_string\"}}],\"inLanguage\":\"de\"}]}<\/script>\n<!-- \/ Yoast SEO plugin. -->","yoast_head_json":{"title":"Team ENJOY LogIn - Danke f\u00fcr deine Anmeldung - Team ENJOY","robots":{"index":"index","follow":"follow","max-snippet":"max-snippet:-1","max-image-preview":"max-image-preview:large","max-video-preview":"max-video-preview:-1"},"canonical":"https:\/\/teamenjoy.com\/de\/teamenjoy-login-dankefuerdeineanmeldung\/","og_locale":"de_DE","og_type":"article","og_title":"Team ENJOY LogIn - Danke f\u00fcr deine Anmeldung - Team ENJOY","og_description":"&nbsp; &nbsp;&nbsp; &nbsp; Herzlich willkommen&nbsp;bei Team ENJOY!&nbsp; \u200b Der erste Teil deiner Registrierung zum Team ENJOY Mitgliederbereich war erfolgreich! Bitte gib uns ein paar Tage Zeit, um deine Anfrage zu \u00fcberpr\u00fcfen und um dich frei zu schalten. Dies geschieht aufgrund deiner YL Mitgliedsnummer, da wir&#8230;","og_url":"https:\/\/teamenjoy.com\/de\/teamenjoy-login-dankefuerdeineanmeldung\/","og_site_name":"Team ENJOY","article_modified_time":"2024-08-31T15:47:55+00:00","og_image":[{"url":"http:\/\/teamenjoy.com\/de\/wp-content\/uploads\/sites\/3\/2024\/08\/Logo-Team-Enjoy-08.png","type":"","width":"","height":""}],"twitter_card":"summary_large_image","twitter_misc":{"Gesch\u00e4tzte Lesezeit":"1\u00a0Minute"},"schema":{"@context":"https:\/\/schema.org","@graph":[{"@type":"WebPage","@id":"https:\/\/teamenjoy.com\/de\/teamenjoy-login-dankefuerdeineanmeldung\/","url":"https:\/\/teamenjoy.com\/de\/teamenjoy-login-dankefuerdeineanmeldung\/","name":"Team ENJOY LogIn - Danke f\u00fcr deine Anmeldung - Team ENJOY","isPartOf":{"@id":"https:\/\/teamenjoy.com\/de\/#website"},"primaryImageOfPage":{"@id":"https:\/\/teamenjoy.com\/de\/teamenjoy-login-dankefuerdeineanmeldung\/#primaryimage"},"image":{"@id":"https:\/\/teamenjoy.com\/de\/teamenjoy-login-dankefuerdeineanmeldung\/#primaryimage"},"thumbnailUrl":"http:\/\/teamenjoy.com\/de\/wp-content\/uploads\/sites\/3\/2024\/08\/Logo-Team-Enjoy-08.png","datePublished":"2024-08-29T13:52:31+00:00","dateModified":"2024-08-31T15:47:55+00:00","breadcrumb":{"@id":"https:\/\/teamenjoy.com\/de\/teamenjoy-login-dankefuerdeineanmeldung\/#breadcrumb"},"inLanguage":"de","potentialAction":[{"@type":"ReadAction","target":["https:\/\/teamenjoy.com\/de\/teamenjoy-login-dankefuerdeineanmeldung\/"]}]},{"@type":"ImageObject","inLanguage":"de","@id":"https:\/\/teamenjoy.com\/de\/teamenjoy-login-dankefuerdeineanmeldung\/#primaryimage","url":"http:\/\/teamenjoy.com\/de\/wp-content\/uploads\/sites\/3\/2024\/08\/Logo-Team-Enjoy-08.png","contentUrl":"http:\/\/teamenjoy.com\/de\/wp-content\/uploads\/sites\/3\/2024\/08\/Logo-Team-Enjoy-08.png"},{"@type":"BreadcrumbList","@id":"https:\/\/teamenjoy.com\/de\/teamenjoy-login-dankefuerdeineanmeldung\/#breadcrumb","itemListElement":[{"@type":"ListItem","position":1,"name":"Startseite","item":"https:\/\/teamenjoy.com\/de\/"},{"@type":"ListItem","position":2,"name":"Team ENJOY LogIn &#8211; Danke f\u00fcr deine Anmeldung"}]},{"@type":"WebSite","@id":"https:\/\/teamenjoy.com\/de\/#website","url":"https:\/\/teamenjoy.com\/de\/","name":"Team ENJOY","description":"","potentialAction":[{"@type":"SearchAction","target":{"@type":"EntryPoint","urlTemplate":"https:\/\/teamenjoy.com\/de\/?s={search_term_string}"},"query-input":{"@type":"PropertyValueSpecification","valueRequired":true,"valueName":"search_term_string"}}],"inLanguage":"de"}]}},"_links":{"self":[{"href":"https:\/\/teamenjoy.com\/de\/wp-json\/wp\/v2\/pages\/5059","targetHints":{"allow":["GET"]}}],"collection":[{"href":"https:\/\/teamenjoy.com\/de\/wp-json\/wp\/v2\/pages"}],"about":[{"href":"https:\/\/teamenjoy.com\/de\/wp-json\/wp\/v2\/types\/page"}],"author":[{"embeddable":true,"href":"https:\/\/teamenjoy.com\/de\/wp-json\/wp\/v2\/users\/3"}],"replies":[{"embeddable":true,"href":"https:\/\/teamenjoy.com\/de\/wp-json\/wp\/v2\/comments?post=5059"}],"version-history":[{"count":8,"href":"https:\/\/teamenjoy.com\/de\/wp-json\/wp\/v2\/pages\/5059\/revisions"}],"predecessor-version":[{"id":5090,"href":"https:\/\/teamenjoy.com\/de\/wp-json\/wp\/v2\/pages\/5059\/revisions\/5090"}],"wp:attachment":[{"href":"https:\/\/teamenjoy.com\/de\/wp-json\/wp\/v2\/media?parent=5059"}],"curies":[{"name":"wp","href":"https:\/\/api.w.org\/{rel}","templated":true}]}}